{"id":3259,"date":"2024-12-19T14:15:07","date_gmt":"2024-12-19T11:15:07","guid":{"rendered":"https:\/\/www.lifemed.com.tr\/gizlilik-ilkesi\/"},"modified":"2025-05-01T15:50:41","modified_gmt":"2025-05-01T12:50:41","slug":"privacy-policy","status":"publish","type":"page","link":"https:\/\/www.lifemed.com.tr\/en\/privacy-policy\/","title":{"rendered":"Privacy Policy"},"content":{"rendered":"\n<h2 class=\"wp-block-heading\"><strong>Who are we?<\/strong><\/h2>\n\n\n\n<p>Our website address is: <a class=\"\" href=\"https:\/\/www.lifemed.com.tr\/en\/\">https:\/\/www.lifemed.com.tr<\/a>.<\/p>\n\n\n\n<p><strong>Comments<\/strong><br>When visitors leave comments on the site, we collect visitor IP addresses and browser details, along with the data displayed in the comment form, to help detect any unwanted comments.<br>An anonymized string created from your email address (also called a hash) may be sent to the Gravatar service to check if you use it. The privacy policy for Gravatar can be found at <a class=\"\" href=\"https:\/\/automattic.com\/privacy\/\">https:\/\/automattic.com\/privacy\/<\/a>. After your comment is approved, your profile picture will be publicly visible alongside your comment.<\/p>\n\n\n\n<p><strong>Media<\/strong><br>If you upload images to the site, you should avoid uploading images with embedded location data (EXIF GPS). Visitors to the site can download images and extract location information from them.<\/p>\n\n\n\n<p><strong>Cookies<\/strong><br>If you leave a comment on our site, you may choose to have your name, email address, and website saved in cookies. These are for your convenience, so you don\u2019t have to fill in your details again when leaving another comment. These cookies are stored for one year.<br>When you visit our login page, we will set a temporary cookie to determine if your browser accepts cookies. This cookie contains no personal data and is discarded when you close your browser.<br>When you log in, we will set up several cookies to save your login information and your screen display choices. Login cookies last for two days, and screen option cookies last for one year. If you select the &#8220;Remember Me&#8221; option, your login will remain active for two weeks. If you log out of your account, the login cookies will be removed.<br>If you edit or publish an article, an additional cookie will be saved in your browser. This cookie contains no personal data and simply indicates the post ID of the article you just edited. It expires after 1 day.<\/p>\n\n\n\n<p><strong>Embedded content from other sites<\/strong><br>Articles on this site may include embedded content (e.g., videos, images, articles, etc.). Embedded content from other websites behaves in the exact same way as if the visitor has visited the other website.<\/p>\n","protected":false},"excerpt":{"rendered":"<p>Who are we? Our website address is: https:\/\/www.lifemed.com.tr. CommentsWhen visitors leave comments on the site, we collect visitor IP addresses and browser details, along with the data displayed in the comment form, to help detect any unwanted comments.An anonymized string created from your email address (also called a hash) may be sent to the Gravatar service to check if you use it. The privacy policy for Gravatar can be found at https:\/\/automattic.com\/privacy\/. After your comment is approved, your profile picture will be publicly visible alongside your comment. MediaIf you upload images to the site, you should avoid uploading images with [&hellip;]<\/p>\n","protected":false},"author":1,"featured_media":0,"parent":0,"menu_order":0,"comment_status":"closed","ping_status":"closed","template":"","meta":{"footnotes":""},"class_list":["post-3259","page","type-page","status-publish","hentry"],"yoast_head":"<!-- This site is optimized with the Yoast SEO plugin v25.1 - https:\/\/yoast.com\/wordpress\/plugins\/seo\/ -->\n<title>Privacy Policy - Lifemed<\/title>\n<meta name=\"robots\" content=\"index, follow, max-snippet:-1, max-image-preview:large, max-video-preview:-1\" \/>\n<link rel=\"canonical\" href=\"https:\/\/www.lifemed.com.tr\/en\/privacy-policy\/\" \/>\n<meta property=\"og:locale\" content=\"en_US\" \/>\n<meta property=\"og:type\" content=\"article\" \/>\n<meta property=\"og:title\" content=\"Privacy Policy - Lifemed\" \/>\n<meta property=\"og:description\" content=\"Who are we? Our website address is: https:\/\/www.lifemed.com.tr. CommentsWhen visitors leave comments on the site, we collect visitor IP addresses and browser details, along with the data displayed in the comment form, to help detect any unwanted comments.An anonymized string created from your email address (also called a hash) may be sent to the Gravatar service to check if you use it. The privacy policy for Gravatar can be found at https:\/\/automattic.com\/privacy\/. After your comment is approved, your profile picture will be publicly visible alongside your comment. MediaIf you upload images to the site, you should avoid uploading images with [&hellip;]\" \/>\n<meta property=\"og:url\" content=\"https:\/\/www.lifemed.com.tr\/en\/privacy-policy\/\" \/>\n<meta property=\"og:site_name\" content=\"Lifemed\" \/>\n<meta property=\"article:modified_time\" content=\"2025-05-01T12:50:41+00:00\" \/>\n<meta name=\"twitter:card\" content=\"summary_large_image\" \/>\n<meta name=\"twitter:label1\" content=\"Est. reading time\" \/>\n\t<meta name=\"twitter:data1\" content=\"3 minutes\" \/>\n<script type=\"application\/ld+json\" class=\"yoast-schema-graph\">{\"@context\":\"https:\/\/schema.org\",\"@graph\":[{\"@type\":\"WebPage\",\"@id\":\"https:\/\/www.lifemed.com.tr\/en\/privacy-policy\/\",\"url\":\"https:\/\/www.lifemed.com.tr\/en\/privacy-policy\/\",\"name\":\"Privacy Policy - Lifemed\",\"isPartOf\":{\"@id\":\"https:\/\/www.lifemed.com.tr\/#website\"},\"datePublished\":\"2024-12-19T11:15:07+00:00\",\"dateModified\":\"2025-05-01T12:50:41+00:00\",\"breadcrumb\":{\"@id\":\"https:\/\/www.lifemed.com.tr\/en\/privacy-policy\/#breadcrumb\"},\"inLanguage\":\"en-US\",\"potentialAction\":[{\"@type\":\"ReadAction\",\"target\":[\"https:\/\/www.lifemed.com.tr\/en\/privacy-policy\/\"]}]},{\"@type\":\"BreadcrumbList\",\"@id\":\"https:\/\/www.lifemed.com.tr\/en\/privacy-policy\/#breadcrumb\",\"itemListElement\":[{\"@type\":\"ListItem\",\"position\":1,\"name\":\"Homepage\",\"item\":\"https:\/\/www.lifemed.com.tr\/en\/\"},{\"@type\":\"ListItem\",\"position\":2,\"name\":\"Privacy Policy\"}]},{\"@type\":\"WebSite\",\"@id\":\"https:\/\/www.lifemed.com.tr\/#website\",\"url\":\"https:\/\/www.lifemed.com.tr\/\",\"name\":\"Kad\u0131k\u00f6y Lifemed T\u0131p Merkezi\",\"description\":\"\",\"potentialAction\":[{\"@type\":\"SearchAction\",\"target\":{\"@type\":\"EntryPoint\",\"urlTemplate\":\"https:\/\/www.lifemed.com.tr\/?s={search_term_string}\"},\"query-input\":{\"@type\":\"PropertyValueSpecification\",\"valueRequired\":true,\"valueName\":\"search_term_string\"}}],\"inLanguage\":\"en-US\"}]}<\/script>\n<!-- \/ Yoast SEO plugin. -->","yoast_head_json":{"title":"Privacy Policy - Lifemed","robots":{"index":"index","follow":"follow","max-snippet":"max-snippet:-1","max-image-preview":"max-image-preview:large","max-video-preview":"max-video-preview:-1"},"canonical":"https:\/\/www.lifemed.com.tr\/en\/privacy-policy\/","og_locale":"en_US","og_type":"article","og_title":"Privacy Policy - Lifemed","og_description":"Who are we? Our website address is: https:\/\/www.lifemed.com.tr. CommentsWhen visitors leave comments on the site, we collect visitor IP addresses and browser details, along with the data displayed in the comment form, to help detect any unwanted comments.An anonymized string created from your email address (also called a hash) may be sent to the Gravatar service to check if you use it. The privacy policy for Gravatar can be found at https:\/\/automattic.com\/privacy\/. After your comment is approved, your profile picture will be publicly visible alongside your comment. MediaIf you upload images to the site, you should avoid uploading images with [&hellip;]","og_url":"https:\/\/www.lifemed.com.tr\/en\/privacy-policy\/","og_site_name":"Lifemed","article_modified_time":"2025-05-01T12:50:41+00:00","twitter_card":"summary_large_image","twitter_misc":{"Est. reading time":"3 minutes"},"schema":{"@context":"https:\/\/schema.org","@graph":[{"@type":"WebPage","@id":"https:\/\/www.lifemed.com.tr\/en\/privacy-policy\/","url":"https:\/\/www.lifemed.com.tr\/en\/privacy-policy\/","name":"Privacy Policy - Lifemed","isPartOf":{"@id":"https:\/\/www.lifemed.com.tr\/#website"},"datePublished":"2024-12-19T11:15:07+00:00","dateModified":"2025-05-01T12:50:41+00:00","breadcrumb":{"@id":"https:\/\/www.lifemed.com.tr\/en\/privacy-policy\/#breadcrumb"},"inLanguage":"en-US","potentialAction":[{"@type":"ReadAction","target":["https:\/\/www.lifemed.com.tr\/en\/privacy-policy\/"]}]},{"@type":"BreadcrumbList","@id":"https:\/\/www.lifemed.com.tr\/en\/privacy-policy\/#breadcrumb","itemListElement":[{"@type":"ListItem","position":1,"name":"Homepage","item":"https:\/\/www.lifemed.com.tr\/en\/"},{"@type":"ListItem","position":2,"name":"Privacy Policy"}]},{"@type":"WebSite","@id":"https:\/\/www.lifemed.com.tr\/#website","url":"https:\/\/www.lifemed.com.tr\/","name":"Kad\u0131k\u00f6y Lifemed T\u0131p Merkezi","description":"","potentialAction":[{"@type":"SearchAction","target":{"@type":"EntryPoint","urlTemplate":"https:\/\/www.lifemed.com.tr\/?s={search_term_string}"},"query-input":{"@type":"PropertyValueSpecification","valueRequired":true,"valueName":"search_term_string"}}],"inLanguage":"en-US"}]}},"_links":{"self":[{"href":"https:\/\/www.lifemed.com.tr\/en\/wp-json\/wp\/v2\/pages\/3259","targetHints":{"allow":["GET"]}}],"collection":[{"href":"https:\/\/www.lifemed.com.tr\/en\/wp-json\/wp\/v2\/pages"}],"about":[{"href":"https:\/\/www.lifemed.com.tr\/en\/wp-json\/wp\/v2\/types\/page"}],"author":[{"embeddable":true,"href":"https:\/\/www.lifemed.com.tr\/en\/wp-json\/wp\/v2\/users\/1"}],"replies":[{"embeddable":true,"href":"https:\/\/www.lifemed.com.tr\/en\/wp-json\/wp\/v2\/comments?post=3259"}],"version-history":[{"count":1,"href":"https:\/\/www.lifemed.com.tr\/en\/wp-json\/wp\/v2\/pages\/3259\/revisions"}],"predecessor-version":[{"id":4254,"href":"https:\/\/www.lifemed.com.tr\/en\/wp-json\/wp\/v2\/pages\/3259\/revisions\/4254"}],"wp:attachment":[{"href":"https:\/\/www.lifemed.com.tr\/en\/wp-json\/wp\/v2\/media?parent=3259"}],"curies":[{"name":"wp","href":"https:\/\/api.w.org\/{rel}","templated":true}]}}